{"id":3100,"date":"2020-10-20T16:22:34","date_gmt":"2020-10-20T14:22:34","guid":{"rendered":"https:\/\/www.alpasuri.com\/?page_id=3100"},"modified":"2023-02-02T10:45:39","modified_gmt":"2023-02-02T09:45:39","slug":"info-day-beginners","status":"publish","type":"page","link":"https:\/\/www.alpasuri.com\/en\/info-day-beginners\/","title":{"rendered":"Info Day for Beginner Breeders"},"content":{"rendered":"[vc_row full_width=\u201cstretch_row\u201d css=\u201d.vc_custom_1498202825618{padding-top: 80px !important;padding-bottom: 20px !important;background-color: #ffffff !important;}\u201d][vc_column width=\u201c1\/3\u201d css=\u201d.vc_custom_1498649954314{padding-right: 25px !important;}\u201d][vc_single_image image=\u201c1824\u201d img_size=\u201c370*370\u201d][\/vc_column][vc_column width=\u201c2\/3\u201d css=\u201d.vc_custom_1542198600260{margin-bottom: 0px !important;padding-bottom: 0px !important;}\u201d][vc_column_text 0=\u201c\u201d]\n<h1 style=\"text-align: center;\"><span class=\"caps\">ALPACA<\/span> <span class=\"caps\">INFO<\/span> <span class=\"caps\">DAY<\/span> <span class=\"caps\">FOR<\/span> <span class=\"caps\">BEGINNER<\/span> <span class=\"caps\">BREEDERS<\/span><\/h1>\n[\/vc_column_text][vc_column_text 0=\u201c\u201d]Our Alpaca Info Day for Begin\u00adner Breed\u00aders is designed for all those who want to begin breed\u00ading alpacas and cov\u00aders the fol\u00adlow\u00ading aspects:\n<ul>\n<li>You will receive an exten\u00adsive and detailed overview of the func\u00adtion and rel\u00ade\u00advance of con\u00adfor\u00adma\u00adtion as well as devi\u00ada\u00adtions from the norm with respect to breeding<\/li>\n<li>You will learn about the struc\u00adture of alpaca fleece and how and why it is eval\u00adu\u00adat\u00aded in this manner<\/li>\n<li>We will pro\u00advide valu\u00adable tips on how to prop\u00ader\u00adly keep and care for alpacas based on our wealth of experience<\/li>\n<\/ul>\n<p>This sem\u00adi\u00adnar is per\u00adfect&nbsp;for:<\/p>\n<ul>\n<li>Any\u00adone inter\u00adest\u00aded in alpacas who would like to start keep\u00ading alpacas<\/li>\n<li>Any\u00adone who wants to learn how to feed and han\u00addle alpacas<\/li>\n<li>Any\u00adone inter\u00adest\u00aded in under\u00adstand\u00ading and recog\u00adnis\u00ading the char\u00adac\u00adter\u00adis\u00adtics used to eval\u00adu\u00adate alpacas<\/li>\n<li>Alpaca own\u00aders who are con\u00adsid\u00ader\u00ading attend\u00ading shows with their ani\u00admals and want to learn more about how alpacas are judged at&nbsp;shows<\/li>\n<\/ul>\n<div class>What you will learn dur\u00ading this seminar:<\/div>\n<ul>\n<li>The basics of keep\u00ading and breed\u00ading alpacas<\/li>\n<li>The basics of feed\u00ading alpacas<\/li>\n<li>How to recog\u00adnise the strengths and weak\u00adness\u00ades of the ani\u00admals\u2019 con\u00adfor\u00adma\u00adtion and fleece and know the effects<\/li>\n<\/ul>\n<h2 style=\"text-align: center;\"><span class=\"caps\">DATES<\/span><\/h2>\n<div class>The date will be announced shortly.<\/div>\n<div class>Dura\u00adtion: approx. six hours, par\u00adtic\u00adi\u00adpa\u00adtion fee \u20ac85.00 euros per person<br>\nThe num\u00adber of par\u00adtic\u00adi\u00adpants is lim\u00adit\u00aded to eight per seminar.<\/div>\n<h2 style=\"text-align: center;\"><span class=\"caps\">BOOKING<\/span> <span class=\"caps\">AND<\/span> <span class=\"caps\">PAYMENT<\/span> <span class=\"caps\">OPTIONS<\/span><\/h2>\n<p>Events can only be booked via this website.<br>\nYou can pay via Pay\u00adPal, cred\u00adit card or bank transfer.<\/p>\n<p>We look for\u00adward to your visit![\/vc_column_text][\/vc_column][\/vc_row][vc_row full_width=\u201cstretch_row\u201d css=\u201d.vc_custom_1601903520626{margin-top: 0px !important;margin-bottom: 0px !important;padding-top: 0px !important;padding-bottom: 0px !important;background-color: #ffffff !impor\u00adtant;}\u201d visibility=\u201chidden\u201d][vc_column css=\u201d.vc_custom_1601396019037{margin-bottom: 0px !important;padding-right: 25px !important;padding-bottom: 0px !impor\u00adtant;}\u201d]<\/p><div class=\"woocommerce\">\t\t\t<div class=\"single-product\" data-product-page-preselected-id=\"0\">\n\t\t\t\t<div class=\"woocommerce-notices-wrapper\"><\/div><div id=\"product-1786\" class=\"entry has-media product type-product post-1786 status-publish first outofstock product_cat-infotag has-post-thumbnail taxable shipping-taxable purchasable product-type-simple\">\n\n\t<div class=\"woocommerce-product-gallery woocommerce-product-gallery--with-images woocommerce-product-gallery--columns-5 images\" data-columns=\"5\" style=\"opacity: 0; transition: opacity .25s ease-in-out;\">\n\t<div class=\"woocommerce-product-gallery__wrapper\">\n\t\t<div data-thumb=\"https:\/\/www.alpasuri.com\/wp-content\/uploads\/2019\/12\/infotag_produktbild.jpg\" data-thumb-alt class=\"woocommerce-product-gallery__image\"><a href=\"https:\/\/www.alpasuri.com\/wp-content\/uploads\/2019\/12\/infotag_produktbild.jpg\"><img loading=\"lazy\" decoding=\"async\" width=\"720\" height=\"720\" src=\"https:\/\/www.alpasuri.com\/wp-content\/uploads\/2019\/12\/infotag_produktbild.jpg\" class=\"wp-post-image\" alt title=\"infotag_produktbild\" data-caption data-src=\"https:\/\/www.alpasuri.com\/wp-content\/uploads\/2019\/12\/infotag_produktbild.jpg\" data-large_image=\"https:\/\/www.alpasuri.com\/wp-content\/uploads\/2019\/12\/infotag_produktbild.jpg\" data-large_image_width=\"720\" data-large_image_height=\"720\" srcset=\"https:\/\/www.alpasuri.com\/wp-content\/uploads\/2019\/12\/infotag_produktbild.jpg 720w, https:\/\/www.alpasuri.com\/wp-content\/uploads\/2019\/12\/infotag_produktbild-450x450.jpg 450w, https:\/\/www.alpasuri.com\/wp-content\/uploads\/2019\/12\/infotag_produktbild-100x100.jpg 100w, https:\/\/www.alpasuri.com\/wp-content\/uploads\/2019\/12\/infotag_produktbild-600x600.jpg 600w, https:\/\/www.alpasuri.com\/wp-content\/uploads\/2019\/12\/infotag_produktbild-150x150.jpg 150w, https:\/\/www.alpasuri.com\/wp-content\/uploads\/2019\/12\/infotag_produktbild-300x300.jpg 300w, https:\/\/www.alpasuri.com\/wp-content\/uploads\/2019\/12\/infotag_produktbild-125x125.jpg 125w\" sizes=\"(max-width: 720px) 100vw, 720px\"><\/a><\/div>\t<\/div>\n<\/div>\n\n\t<div class=\"summary entry-summary\">\n\t\t<h1 class=\"product_title entry-title single-post-title\"><span class=\"caps\">ALPAKA<\/span> <span class=\"caps\">EINSTEIGER<\/span> <span class=\"caps\">INFOTAG<\/span><\/h1><p class=\"price\"><span class=\"woocommerce-Price-amount amount\"><bdi>85,00&nbsp;<span class=\"woocommerce-Price-currencySymbol\">\u20ac<\/span><\/bdi><\/span><\/p>\n\n\n<div class=\"woocommerce-product-details__short-description\">\n\t<p>Neue Ter\u00admine fol\u00adgen in&nbsp;K\u00fcrze<\/p>\n<\/div>\n\n<p class=\"stock out-of-stock\">Out of&nbsp;stock<\/p>\n\n\t<div class=\"product_meta\">\n\n\t\t\n\t\t\n\t\t\t<span class=\"sku_wrapper\"><span class=\"t-label\"><span class=\"caps\">SKU<\/span>:<\/span> <span class=\"sku\"><span class=\"caps\">K3114<\/span><\/span><\/span>\n\n\t\t\n\t\t<span class=\"posted_in\"><span class=\"t-label\">Cat\u00ade\u00adgo\u00adry:<\/span> <a href=\"https:\/\/www.alpasuri.com\/en\/produkt-kategorie\/infotag\/\" rel=\"tag\">Info\u00adtag<\/a><\/span>\n\t\t\n\t\t\n\t<\/div>\n\n\t<\/div>\n\n\t<div class=\"wpex-clear-after-summary wpex-clear\"><\/div>\n\t\n\t\t<div class=\"woocommerce-tabs wc-tabs-wrapper\">\n\t\t\t<ul class=\"tabs wc-tabs\" role=\"tablist\">\n\t\t\t\t\t\t\t\t\t<li class=\"description_tab\" id=\"tab-title-description\" role=\"tab\" aria-controls=\"tab-description\">\n\t\t\t\t\t\t<a href=\"#tab-description\">\n\t\t\t\t\t\t\tDescription&nbsp;<\/a>\n\t\t\t\t\t<\/li>\n\t\t\t\t\t\t\t\t\t<li class=\"additional_information_tab\" id=\"tab-title-additional_information\" role=\"tab\" aria-controls=\"tab-additional_information\">\n\t\t\t\t\t\t<a href=\"#tab-additional_information\">\n\t\t\t\t\t\t\tAddi\u00adtion\u00adal information&nbsp;<\/a>\n\t\t\t\t\t<\/li>\n\t\t\t\t\t\t\t<\/ul>\n\t\t\t\t\t\t\t<div class=\"woocommerce-Tabs-panel woocommerce-Tabs-panel--description panel entry-content wc-tab\" id=\"tab-description\" role=\"tabpanel\" aria-labelledby=\"tab-title-description\">\n\t\t\t\t\t\n\t<h2>Description<\/h2>\n\n[vc_row][vc_column][vc_column_text]Der&nbsp;Alpa\u00adka Ein\u00adsteiger Info\u00adtag richtet sich an Inter\u00adessierte, die mit der Zucht von Alpakas begin\u00adnen m\u00f6cht\u00aden und behan\u00addelt fol\u00adgende Aspekte:&nbsp;<ul>\n<li>Die Teil\u00adnehmer bekom\u00admen eine aus\u00adf\u00fchrliche und detail\u00adlierte \u00dcber\u00adsicht \u00fcber die Funk\u00adtion und die Bedeu\u00adtung des K\u00f6r\u00adper\u00adbaus bzw. Abwe\u00adichun\u00adgen der Norm von Alpakas im Bezug auf die&nbsp;Zucht<\/li>\n<li>Wie ist das Vlies am Alpa\u00adka aufge\u00adbaut. Wie wird es bew\u00adertet und warum wird es so bewertet<\/li>\n<li>Die richtige Hal\u00adtung und Pflege der Alpakas<\/li>\n<\/ul>\n<p>F\u00fcr wen ist dieses Seminar?<\/p>\n<ul>\n<li>F\u00fcr Alpa\u00ad\u00adka-Inter\u00adessierte, die mit der Hal\u00adtung von Alpakas begin\u00adnen m\u00f6chten<\/li>\n<li>F\u00fcr Per\u00adso\u00adn\u00aden, die die F\u00fct\u00adterung und Han\u00addling erler\u00adnen m\u00f6chten<\/li>\n<li>F\u00fcr Per\u00adso\u00adn\u00aden, die \u00fcber\u00adlegen mit Tieren Shows zu besuchen und mehr \u00fcber Hin\u00adter\u00adgr\u00fcnde ein\u00ader Show\u00adbe\u00adw\u00ader\u00adtung erfahren m\u00f6chten<\/li>\n<li>F\u00fcr Per\u00adso\u00adn\u00aden, die die Bew\u00ader\u00adtungsmerk\u00admale von Alpakas ver\u00adste\u00adhen und erken\u00adnen m\u00f6chten<\/li>\n<\/ul>\n<div class>Was nehmen Sie aus diesem Sem\u00adi\u00adnar&nbsp;mit?<\/div>\n<ul>\n<li>Grund\u00adla\u00adgen zur Hal\u00adtung und&nbsp;Zucht<\/li>\n<li>Grund\u00adla\u00adgen zur F\u00fctterung<\/li>\n<li>St\u00e4rken und Schw\u00e4chen von K\u00f6r\u00adper\u00adbau und Vlies erken\u00adnen und die Auswirkun\u00adgen kennen<\/li>\n<\/ul>\n<h2>TERMINe<\/h2>\n<div class>Alpa\u00adka Ein\u00adsteiger Infotag<\/div>\n<div class>Neue Ter\u00admine fol\u00adgen in&nbsp;K\u00fcrze<\/div>\n<h2><strong><span class=\"caps\">NEUE<\/span> <span class=\"caps\">TERMINE<\/span> <span class=\"caps\">FOLGEN<\/span> <span class=\"caps\">IN<\/span>&nbsp;<span class=\"caps\">K\u00dcRZE<\/span><\/strong><\/h2>\n<div class>\n<p>Dauer ca. 6 Stun\u00adden, Teil\u00adnah\u00admege\u00adb\u00fchr 85,00 \u20ac pro Person<br>\nDie Teil\u00adnehmerzahl ist auf 8 Per\u00adso\u00adn\u00aden begrenzt.<\/p>\n<\/div>\n<h2><span class=\"caps\">BUCHUNG<\/span>&nbsp;<span class=\"caps\">UND<\/span>&nbsp;<span class=\"caps\">ZAHLUNGSM\u00d6GLICHKEITEN<\/span><\/h2>\n<p>Die Buchung ist auss\u00adchlie\u00dflich \u00fcber diese Web\u00adseite m\u00f6glich.<br>\nSie haben die M\u00f6glichkeit mit Pay\u00adPal, via Kred\u00aditkarte oder per Sofort-\u00dcber\u00adweisung zu bezahlen.<\/p>\n<p>Wir freuen uns auf Ihren Besuch![\/vc_column_text][\/vc_column][\/vc_row]\n<\/p>\t\t\t\t<\/div>\n\t\t\t\t\t\t\t<div class=\"woocommerce-Tabs-panel woocommerce-Tabs-panel--additional_information panel entry-content wc-tab\" id=\"tab-additional_information\" role=\"tabpanel\" aria-labelledby=\"tab-title-additional_information\">\n\t\t\t\t\t\n\t<h2>Additional information<\/h2>\n\n<table class=\"woocommerce-product-attributes shop_attributes\">\n\t\t\t<tr class=\"woocommerce-product-attributes-item woocommerce-product-attributes-item--attribute_datum\">\n\t\t\t<th class=\"woocommerce-product-attributes-item__label\"><span class=\"caps\">DATUM<\/span><\/th>\n\t\t\t<td class=\"woocommerce-product-attributes-item__value\"><p>Neue Ter\u00admine fol\u00adgen in&nbsp;K\u00fcrze<\/p>\n<\/td>\n\t\t<\/tr>\n\t<\/table>\n\t\t\t\t<\/div>\n\t\t\t\n\t\t\t\t\t<\/div>\n\n\t\n<\/div>\n\n\t\t\t<\/div>\n\t\t\t<\/div>[\/vc_column][\/vc_row][vc_row full_width=\u201cstretch_row\u201d css=\u201d.vc_custom_1601903561282{margin-top: 0px !important;padding-top: 0px !important;padding-bottom: 20px !important;background-color: #ffffff !impor\u00adtant;}\u201d visibility=\u201chidden\u201d][vc_column width=\u201c1\/3\u201d css=\u201d.vc_custom_1498649954314{padding-right: 25px !important;}\u201d][\/vc_column][vc_column width=\u201c2\/3\u201d css=\u201d.vc_custom_1544631399023{margin-top: 0px !important;margin-bottom: 0px !important;padding-top: 0px !important;padding-bottom: 0px !important;}\u201d][vc_column_text 0=\u201c\u201d]Once you have select\u00aded your desired date and added it to the shop\u00adping bas\u00adket, please click on the bas\u00adket sym\u00adbol in the menu bar at the top right and pro\u00adceed to the checkout.[\/vc_column_text][vc_empty_space height=\u201c60px\u201d][\/vc_column][\/vc_row][vc_row full_width=\u201cstretch_row\u201d css=\u201d.vc_custom_1601903566609{margin-top: 0px !important;padding-top: 0px !important;padding-bottom: 20px !important;background-color: #ffffff !impor\u00adtant;}\u201d visibility=\u201chidden\u201d][vc_column width=\u201c1\/3\u201d css=\u201d.vc_custom_1498649954314{padding-right: 25px !important;}\u201d][\/vc_column][vc_column width=\u201c2\/3\u201d css=\u201d.vc_custom_1544631399023{margin-top: 0px !important;margin-bottom: 0px !important;padding-top: 0px !important;padding-bottom: 0px !important;}\u201d][vc_column_text 0=\u201c\u201d]Once you have select\u00aded your desired date and added it to the shop\u00adping bas\u00adket, please click on the menu sym\u00adbol at the top right and pro\u00adceed to the cart.[\/vc_column_text][vc_empty_space height=\u201c20px\u201d][\/vc_column][\/vc_row][vc_row full_width=\u201cstretch_row\u201d css=\u201d.vc_custom_1601400070443{margin-bottom: 40px !important;padding-top: 60px !important;padding-bottom: 20px !important;background-color: #f5f5f5 !important;}\u201d][vc_column width=\u201c1\/3\u201d css=\u201d.vc_custom_1498203239227{padding-right: 20px !important;padding-left: 20px !important;}\u201d][vc_single_image image=\u201c3767\u201d onclick=\u201ccustom_link\u201d link=\u201chttps:\/\/www.alpasuri.com\/en\/sniff-and-cuddle-events\/\u201d][vc_column_text]\n<h2 style=\"text-align: center;\"><a href=\"https:\/\/www.alpasuri.com\/en\/sniff-and-cuddle-events\/\"><span class=\"caps\">VIEW<\/span> \u2018<span class=\"caps\">SNIFF<\/span> <span class=\"caps\">AND<\/span> <span class=\"caps\">CUDDLE<\/span>\u2019 <span class=\"caps\">EVENTS<\/span><\/a><\/h2>\n[\/vc_column_text][vc_column_text]\n<p style=\"text-align: justify;\">Inter\u00adact with our alpacas up close and per\u00adson\u00adal and learn inter\u00adest\u00ading facts and anec\u00addotes about these fas\u00adci\u00adnat\u00ading ani\u00admals. <a class=\"more\" href=\"https:\/\/www.alpasuri.com\/en\/sniff-and-cuddle-events\/\">More&gt;<\/a><\/p>\n[\/vc_column_text][\/vc_column][vc_column width=\u201c1\/3\u201d css=\u201d.vc_custom_1498203287537{padding-right: 20px !important;padding-left: 20px !important;}\u201d][vc_single_image image=\u201c3769\u201d onclick=\u201ccustom_link\u201d link=\u201chttps:\/\/www.alpasuri.com\/en\/alpaca-hiking-tour\/\u201d][vc_column_text]\n<h2 style=\"text-align: center;\"><a href=\"https:\/\/www.alpasuri.com\/en\/alpaca-hiking-tour\/\"><span class=\"caps\">VIEW<\/span> <span class=\"caps\">ALPACA<\/span> <span class=\"caps\">HIKING<\/span> <span class=\"caps\">TOUR<\/span><\/a><\/h2>\n[\/vc_column_text][vc_column_text]\n<p style=\"text-align: justify;\">Get to know these won\u00adder\u00adful ani\u00admals while enjoy\u00ading the great out\u00addoors on AlpaSuri\u2019s alpaca hik\u00ading tour. <a class=\"more\" href=\"https:\/\/www.alpasuri.com\/en\/alpaca-hiking-tour\/\">More&gt;<\/a><\/p>\n[\/vc_column_text][\/vc_column][vc_column width=\u201c1\/3\u201d css=\u201d.vc_custom_1498203293106{padding-right: 20px !important;padding-left: 20px !important;}\u201d][vc_single_image image=\u201c3771\u201d][vc_column_text]\n<h2 style=\"text-align: center;\"><span class=\"caps\">VIEW<\/span> <span class=\"caps\">SPECIAL<\/span> <span class=\"caps\">EVENTS<\/span> <span class=\"caps\">FOR<\/span> <span class=\"caps\">GROUPS<\/span><\/h2>\n[\/vc_column_text][vc_column_text]\n<p style=\"text-align: justify;\">From birth\u00addays, anniver\u00adsaries and even wed\u00addings to tai\u00adlor-made cor\u00adpo\u00adrate events \u2013 come and cel\u00ade\u00adbrate with us at the Alpa\u00adSuri alpaca farm.Coming soon<\/p>\n[\/vc_column_text][\/vc_column][\/vc_row]\n","protected":false},"excerpt":{"rendered":"<p>[vc_row full_width=\u201cstretch_row\u201d css=\u201d.vc_custom_1498202825618{padding-top: 80px !important;padding-bottom: 20px !important;background-color: #ffffff !important;}\u201d][vc_column width=\u201c1\/3\u201d css=\u201d.vc_custom_1498649954314{padding-right: 25px !important;}\u201d][vc_single_image image=\u201c1824\u201d img_size=\u201c370*370\u201d][\/vc_column][vc_column width=\u201c2\/3\u201d css=\u201d.vc_custom_1542198600260{margin-bottom: 0px !important;padding-bottom: 0px !important;}\u201d][vc_column_text 0=\u201c\u201d] <span class=\"caps\">ALPACA<\/span> <span class=\"caps\">INFO<\/span> <span class=\"caps\">DAY<\/span> <span class=\"caps\">FOR<\/span> <span class=\"caps\">BEGINNER<\/span> <span class=\"caps\">BREEDERS<\/span> [\/vc_column_text][vc_column_text 0=\u201c\u201d]Our Alpaca Info Day for Begin\u00adner Breed\u00aders is designed for all those who want to begin breed\u00ading alpacas and cov\u00aders the fol\u00adlow\u00ading aspects: You will receive\u2026<\/p>\n","protected":false},"author":4,"featured_media":0,"parent":0,"menu_order":0,"comment_status":"closed","ping_status":"closed","template":"","meta":{"wp_typography_post_enhancements_disabled":false,"footnotes":""},"yoast_head":"<!-- This site is optimized with the Yoast SEO plugin v22.4 - https:\/\/yoast.com\/wordpress\/plugins\/seo\/ -->\n<title>Infotag f\u00fcr Interessierte - Alpasuri | Alpakazucht, Huacayas, Suris<\/title>\n<meta name=\"robots\" content=\"index, follow, max-snippet:-1, max-image-preview:large, max-video-preview:-1\" \/>\n<link rel=\"canonical\" href=\"https:\/\/www.alpasuri.com\/en\/info-day-beginners\/\" \/>\n<meta property=\"og:locale\" content=\"en_US\" \/>\n<meta property=\"og:type\" content=\"article\" \/>\n<meta property=\"og:title\" content=\"Infotag f\u00fcr Interessierte - Alpasuri | Alpakazucht, Huacayas, Suris\" \/>\n<meta property=\"og:description\" content=\"[vc_row full_width=\u201cstretch_row\u201d css=\u201d.vc_custom_1498202825618{padding-top: 80px !important;padding-bottom: 20px !important;background-color: #ffffff !important;}\u201d][vc_column width=\u201c1\/3\u201d css=\u201d.vc_custom_1498649954314{padding-right: 25px !important;}\u201d][vc_single_image image=\u201c1824\u201d img_size=\u201c370*370\u201d][\/vc_column][vc_column width=\u201c2\/3\u201d css=\u201d.vc_custom_1542198600260{margin-bottom: 0px !important;padding-bottom: 0px !important;}\u201d][vc_column_text 0=\u201c\u201d] ALPACA INFO DAY FOR BEGINNER BREEDERS [\/vc_column_text][vc_column_text 0=\u201c\u201d]Our Alpaca Info Day for Begin\u00adner Breed\u00aders is designed for all those who want to begin breed\u00ading alpacas and cov\u00aders the fol\u00adlow\u00ading aspects: You will receive&hellip;\" \/>\n<meta property=\"og:url\" content=\"https:\/\/www.alpasuri.com\/en\/info-day-beginners\/\" \/>\n<meta property=\"og:site_name\" content=\"Alpasuri | Alpakazucht, Huacayas, Suris\" \/>\n<meta property=\"article:modified_time\" content=\"2023-02-02T09:45:39+00:00\" \/>\n<meta name=\"twitter:card\" content=\"summary_large_image\" \/>\n<meta name=\"twitter:label1\" content=\"Est. reading time\" \/>\n\t<meta name=\"twitter:data1\" content=\"3 minutes\" \/>\n<script type=\"application\/ld+json\" class=\"yoast-schema-graph\">{\"@context\":\"https:\/\/schema.org\",\"@graph\":[{\"@type\":\"WebPage\",\"@id\":\"https:\/\/www.alpasuri.com\/en\/info-day-beginners\/\",\"url\":\"https:\/\/www.alpasuri.com\/en\/info-day-beginners\/\",\"name\":\"Infotag f\u00fcr Interessierte - Alpasuri | Alpakazucht, Huacayas, Suris\",\"isPartOf\":{\"@id\":\"https:\/\/www.alpasuri.com\/#website\"},\"datePublished\":\"2020-10-20T14:22:34+00:00\",\"dateModified\":\"2023-02-02T09:45:39+00:00\",\"breadcrumb\":{\"@id\":\"https:\/\/www.alpasuri.com\/en\/info-day-beginners\/#breadcrumb\"},\"inLanguage\":\"en-US\",\"potentialAction\":[{\"@type\":\"ReadAction\",\"target\":[\"https:\/\/www.alpasuri.com\/en\/info-day-beginners\/\"]}]},{\"@type\":\"BreadcrumbList\",\"@id\":\"https:\/\/www.alpasuri.com\/en\/info-day-beginners\/#breadcrumb\",\"itemListElement\":[{\"@type\":\"ListItem\",\"position\":1,\"name\":\"Startseite\",\"item\":\"https:\/\/www.alpasuri.com\/en\/\"},{\"@type\":\"ListItem\",\"position\":2,\"name\":\"Info Day for Beginner Breeders\"}]},{\"@type\":\"WebSite\",\"@id\":\"https:\/\/www.alpasuri.com\/#website\",\"url\":\"https:\/\/www.alpasuri.com\/\",\"name\":\"Alpasuri | Alpakazucht, Huacayas, Suris\",\"description\":\"\",\"publisher\":{\"@id\":\"https:\/\/www.alpasuri.com\/#organization\"},\"potentialAction\":[{\"@type\":\"SearchAction\",\"target\":{\"@type\":\"EntryPoint\",\"urlTemplate\":\"https:\/\/www.alpasuri.com\/?s={search_term_string}\"},\"query-input\":\"required name=search_term_string\"}],\"inLanguage\":\"en-US\"},{\"@type\":\"Organization\",\"@id\":\"https:\/\/www.alpasuri.com\/#organization\",\"name\":\"Alpasuri | Alpakazucht, Huacayas, Suris\",\"url\":\"https:\/\/www.alpasuri.com\/\",\"logo\":{\"@type\":\"ImageObject\",\"inLanguage\":\"en-US\",\"@id\":\"https:\/\/www.alpasuri.com\/#\/schema\/logo\/image\/\",\"url\":\"https:\/\/www.alpasuri.com\/wp-content\/uploads\/2017\/07\/alpasuri_logo_neu.png\",\"contentUrl\":\"https:\/\/www.alpasuri.com\/wp-content\/uploads\/2017\/07\/alpasuri_logo_neu.png\",\"width\":345,\"height\":91,\"caption\":\"Alpasuri | Alpakazucht, Huacayas, Suris\"},\"image\":{\"@id\":\"https:\/\/www.alpasuri.com\/#\/schema\/logo\/image\/\"}}]}<\/script>\n<!-- \/ Yoast SEO plugin. -->","yoast_head_json":{"title":"Infotag f\u00fcr Interessierte - Alpasuri | Alpakazucht, Huacayas, Suris","robots":{"index":"index","follow":"follow","max-snippet":"max-snippet:-1","max-image-preview":"max-image-preview:large","max-video-preview":"max-video-preview:-1"},"canonical":"https:\/\/www.alpasuri.com\/en\/info-day-beginners\/","og_locale":"en_US","og_type":"article","og_title":"Infotag f\u00fcr Interessierte - Alpasuri | Alpakazucht, Huacayas, Suris","og_description":"[vc_row full_width=\u201cstretch_row\u201d css=\u201d.vc_custom_1498202825618{padding-top: 80px !important;padding-bottom: 20px !important;background-color: #ffffff !important;}\u201d][vc_column width=\u201c1\/3\u201d css=\u201d.vc_custom_1498649954314{padding-right: 25px !important;}\u201d][vc_single_image image=\u201c1824\u201d img_size=\u201c370*370\u201d][\/vc_column][vc_column width=\u201c2\/3\u201d css=\u201d.vc_custom_1542198600260{margin-bottom: 0px !important;padding-bottom: 0px !important;}\u201d][vc_column_text 0=\u201c\u201d] ALPACA INFO DAY FOR BEGINNER BREEDERS [\/vc_column_text][vc_column_text 0=\u201c\u201d]Our Alpaca Info Day for Begin\u00adner Breed\u00aders is designed for all those who want to begin breed\u00ading alpacas and cov\u00aders the fol\u00adlow\u00ading aspects: You will receive&hellip;","og_url":"https:\/\/www.alpasuri.com\/en\/info-day-beginners\/","og_site_name":"Alpasuri | Alpakazucht, Huacayas, Suris","article_modified_time":"2023-02-02T09:45:39+00:00","twitter_card":"summary_large_image","twitter_misc":{"Est. reading time":"3 minutes"},"schema":{"@context":"https:\/\/schema.org","@graph":[{"@type":"WebPage","@id":"https:\/\/www.alpasuri.com\/en\/info-day-beginners\/","url":"https:\/\/www.alpasuri.com\/en\/info-day-beginners\/","name":"Infotag f\u00fcr Interessierte - Alpasuri | Alpakazucht, Huacayas, Suris","isPartOf":{"@id":"https:\/\/www.alpasuri.com\/#website"},"datePublished":"2020-10-20T14:22:34+00:00","dateModified":"2023-02-02T09:45:39+00:00","breadcrumb":{"@id":"https:\/\/www.alpasuri.com\/en\/info-day-beginners\/#breadcrumb"},"inLanguage":"en-US","potentialAction":[{"@type":"ReadAction","target":["https:\/\/www.alpasuri.com\/en\/info-day-beginners\/"]}]},{"@type":"BreadcrumbList","@id":"https:\/\/www.alpasuri.com\/en\/info-day-beginners\/#breadcrumb","itemListElement":[{"@type":"ListItem","position":1,"name":"Startseite","item":"https:\/\/www.alpasuri.com\/en\/"},{"@type":"ListItem","position":2,"name":"Info Day for Beginner Breeders"}]},{"@type":"WebSite","@id":"https:\/\/www.alpasuri.com\/#website","url":"https:\/\/www.alpasuri.com\/","name":"Alpasuri | Alpakazucht, Huacayas, Suris","description":"","publisher":{"@id":"https:\/\/www.alpasuri.com\/#organization"},"potentialAction":[{"@type":"SearchAction","target":{"@type":"EntryPoint","urlTemplate":"https:\/\/www.alpasuri.com\/?s={search_term_string}"},"query-input":"required name=search_term_string"}],"inLanguage":"en-US"},{"@type":"Organization","@id":"https:\/\/www.alpasuri.com\/#organization","name":"Alpasuri | Alpakazucht, Huacayas, Suris","url":"https:\/\/www.alpasuri.com\/","logo":{"@type":"ImageObject","inLanguage":"en-US","@id":"https:\/\/www.alpasuri.com\/#\/schema\/logo\/image\/","url":"https:\/\/www.alpasuri.com\/wp-content\/uploads\/2017\/07\/alpasuri_logo_neu.png","contentUrl":"https:\/\/www.alpasuri.com\/wp-content\/uploads\/2017\/07\/alpasuri_logo_neu.png","width":345,"height":91,"caption":"Alpasuri | Alpakazucht, Huacayas, Suris"},"image":{"@id":"https:\/\/www.alpasuri.com\/#\/schema\/logo\/image\/"}}]}},"_links":{"self":[{"href":"https:\/\/www.alpasuri.com\/en\/wp-json\/wp\/v2\/pages\/3100"}],"collection":[{"href":"https:\/\/www.alpasuri.com\/en\/wp-json\/wp\/v2\/pages"}],"about":[{"href":"https:\/\/www.alpasuri.com\/en\/wp-json\/wp\/v2\/types\/page"}],"author":[{"embeddable":true,"href":"https:\/\/www.alpasuri.com\/en\/wp-json\/wp\/v2\/users\/4"}],"replies":[{"embeddable":true,"href":"https:\/\/www.alpasuri.com\/en\/wp-json\/wp\/v2\/comments?post=3100"}],"version-history":[{"count":10,"href":"https:\/\/www.alpasuri.com\/en\/wp-json\/wp\/v2\/pages\/3100\/revisions"}],"predecessor-version":[{"id":6123,"href":"https:\/\/www.alpasuri.com\/en\/wp-json\/wp\/v2\/pages\/3100\/revisions\/6123"}],"wp:attachment":[{"href":"https:\/\/www.alpasuri.com\/en\/wp-json\/wp\/v2\/media?parent=3100"}],"curies":[{"name":"wp","href":"https:\/\/api.w.org\/{rel}","templated":true}]}}