{"id":4971,"date":"2020-11-26T08:47:50","date_gmt":"2020-11-26T07:47:50","guid":{"rendered":"https:\/\/www.alpasuri.com\/stellenangebot-tierpfleger\/"},"modified":"2020-11-26T08:49:07","modified_gmt":"2020-11-26T07:49:07","slug":"stellenangebot-tierpfleger","status":"publish","type":"page","link":"https:\/\/www.alpasuri.com\/en\/stellenangebot-tierpfleger\/","title":{"rendered":"Stellenangebot  Tierpfleger"},"content":{"rendered":"[vc_row full_width=\u201cstretch_row\u201d css=\u201d.vc_custom_1498202825618{padding-top: 80px !important;padding-bottom: 20px !important;background-color: #ffffff !important;}\u201d][vc_column width=\u201c1\/3\u201d css=\u201d.vc_custom_1498649954314{padding-right: 25px !important;}\u201d][vc_single_image image=\u201c2117\u201d img_size=\u201c370x559\u201d][\/vc_column][vc_column width=\u201c2\/3\u201d][vc_column_text]\n<h1 style=\"text-align: center;\"><span class=\"caps\">INTERNATIONAL<\/span> <span class=\"caps\">ORIENTIERTE<\/span> <span class=\"caps\">ALPAKAZUCHT<\/span><\/h1>\n[\/vc_column_text][vc_column_text]\n<p style=\"text-align: justify;\">Als junges Unternehmen haben wir 2015 nach sorgf\u00e4ltiger Pla\u00adnung und Vor\u00adbere\u00aditung unsere Alpakazucht ges\u00adtartet. Unsere Tiere kom\u00admen von f\u00fchren\u00adden inter\u00adna\u00adtionalen Z\u00fcchtern. Wir leg\u00aden den Schw\u00ader\u00adpunkt auf wei\u00dfe Hua\u00adcayas mit beson\u00adders gerin\u00adgen Micron\u00adwerten und m\u00f6cht\u00aden ein feines und reines Vlies von h\u00f6ch\u00adster Qual\u00adit\u00e4t anbi\u00adeten. Bei Ausstel\u00adlun\u00adgen kon\u00adnte unser Team bere\u00adits erfol\u00adgre\u00adich Spitzen\u00adpl\u00e4tze bele\u00adgen. Unsere mod\u00ader\u00adnen Stal\u00adlun\u00adgen sind f\u00fcr 250 bis 300 Tiere aus\u00adgelegt und entsprechen den h\u00f6ch\u00adsten Anforderun\u00adgen bez\u00fcglich Hygiene und Sauberkeit. Wir streben eine weltweit f\u00fchrende Posi\u00adtion in der Alpakazucht an und suchen die mod\u00aderne, anpack\u00adende F\u00fchrungskraft, die f\u00fcr die t\u00e4gliche Betreu\u00adung der Tiere und der Anlage ver\u00adant\u00adwortlich ist und die Weit\u00ader\u00aden\u00adtwick\u00adlung des Betriebes mit vorantreibt:<\/p>\n<div class=\"page\" title=\"Page 1\">\n<div class=\"layoutArea\">\n<div class=\"column\">\n<p style=\"text-align: center;\"><strong>Tierpfleger (m\/w\/d)<\/strong><\/p>\n<p style=\"text-align: center;\">zur Erfas\u00adsung und Ver\u00adwal\u00adtung der Zuchtdaten<\/p>\n<\/div>\n<\/div>\n<\/div>\n[\/vc_column_text][vc_column_text]<strong>Auf\u00adgaben:<\/strong>\n<ul>\n<li>die Erfas\u00adsung s\u00e4mtlich\u00ader rel\u00ade\u00advan\u00adten Dat\u00aden der Tiere in einem mod\u00ader\u00adnen Her\u00adden\u00adman\u00adage\u00adment\u00adpro\u00adgramm (Geburten, Fell\u00adfarbe, Krankheiten)<\/li>\n<li>die Erstel\u00adlung ein\u00ader Daten\u00adbank f\u00fcr diverse wis\u00adsenschaftliche Studien<\/li>\n<li>die t\u00e4gliche Pflege und Ver\u00adsorgung der Alpakas<\/li>\n<li>die Beobach\u00adtung des Ver\u00adhal\u00adtens und des Gesund\u00adheit\u00adszu\u00ads\u00adtands der&nbsp;Tiere<\/li>\n<li>die Sich\u00ader\u00adstel\u00adlung der Sauberkeit und Ord\u00adnung der Stal\u00adlun\u00adgen sowie die Gew\u00e4hrleis\u00adtung der hohen Hygienestandards<\/li>\n<\/ul>\n<p style=\"padding: 0px;\"><strong>Anforderun\u00adgen:<\/strong><\/p>\n<ul>\n<li>Abgeschlossene fach\u00adbe\u00adzo\u00adgene Aus\u00adbil\u00addung und mehrj\u00e4hrige Beruf\u00adser\u00adfahrung in der Pflege ver\u00adgle\u00adich\u00adbar\u00ader Her\u00adden\u00adtiere (z.B. auch Pferde)<\/li>\n<li>Inter\u00adesse an ein\u00ader mod\u00ader\u00adnen Betrieb\u00ads\u00adf\u00fchrung und Digitalisierung<\/li>\n<li>Hohe IT-Affinit\u00e4t und sehr gute Excel-Kenntnisse<\/li>\n<li>Inter\u00adesse an der Erre\u00adichung inter\u00adna\u00adtionaler Spitzenpl\u00e4tze<\/li>\n<li>Flie\u00dfende Deutschken\u00adnt\u00adnisse und gutes Englisch<\/li>\n<li>Zuver\u00adl\u00e4s\u00adsige, selb\u00adst\u00adst\u00e4ndi\u00adge und teamor\u00adi\u00aden\u00adtierte Arbeitsweise<\/li>\n<\/ul>\n<p style=\"text-align: justify;\">Wir bieten ein mod\u00adernes, zukun\u00adfts\u00adgerichtetes, inter\u00adna\u00adtionales Umfeld mit vielf\u00e4lti\u00adgen Entwick\u00adlungsm\u00f6glichkeit\u00aden. Der Arbeitsver\u00adtrag ist unbe\u00adfris\u00adtet. Die pro\u00adfes\u00adsionelle Einar\u00adbeitung in die Welt der Alpakas wird von uns sichergestellt. Unser Betrieb liegt im s\u00fcdlichen Einzugs\u00adge\u00adbi\u00adet von Ham\u00adburg. Weit\u00adere Infor\u00adma\u00adtio\u00adnen find\u00aden Sie unter <a style=\"color: #b3a090; text-decoration: underline;\" href=\"https:\/\/www.alpasuri.com\/kontakt\/\"><u>Kon\u00adtakt<\/u><\/a>.<\/p>\n<p style=\"text-align: justify; padding-top: 15px;\">Wenn wir Ihr Inter\u00adesse geweckt haben, bit\u00adten wir Sie, Ihre Bewer\u00adbung\u00adsun\u00adter\u00adla\u00adgen direkt an Frau Esther Peeters (per E\u2011Mail an <a style=\"color: #b3a090; text-decoration: underline;\" href=\"mailto:brandmanager@barbara-bruns.de\"><u>brandmanager@barbara-bruns.de<\/u><\/a>) zu senden. Frau Peeters ste\u00adht Ihnen auch gern vor\u00adab tele\u00adfonisch mit Infor\u00adma\u00adtio\u00adnen f\u00fcr einen Aus\u00adtausch zur Ver\u00adf\u00fc\u00adgung: Tel. (0151) 15 50 37 15. Die ver\u00adtrauliche Behand\u00adlung und die Beach\u00adtung von Sper\u00adrver\u00admerken sind selbstverst\u00e4ndlich.<\/p>\n[\/vc_column_text][vc_empty_space height=\u201c60px\u201d][vc_column_text]<a style=\"color: #b3a090; text-decoration: underline;\" href=\"https:\/\/www.alpasuri.com\/stellenangebote\/\"><u>&lt; Zur\u00fcck<\/u><\/a>[\/vc_column_text][\/vc_column][\/vc_row]\n","protected":false},"excerpt":{"rendered":"<p>[vc_row full_width=\u201cstretch_row\u201d css=\u201d.vc_custom_1498202825618{padding-top: 80px !important;padding-bottom: 20px !important;background-color: #ffffff !important;}\u201d][vc_column width=\u201c1\/3\u201d css=\u201d.vc_custom_1498649954314{padding-right: 25px !important;}\u201d][vc_single_image image=\u201c2117\u201d img_size=\u201c370x559\u201d][\/vc_column][vc_column width=\u201c2\/3\u201d][vc_column_text] <span class=\"caps\">INTERNATIONAL<\/span> <span class=\"caps\">ORIENTIERTE<\/span> <span class=\"caps\">ALPAKAZUCHT<\/span> [\/vc_column_text][vc_column_text] Als junges Unternehmen haben wir 2015 nach sorgf\u00e4ltiger Pla\u00adnung und Vor\u00adbere\u00aditung unsere Alpakazucht ges\u00adtartet. Unsere Tiere kom\u00admen von f\u00fchren\u00adden inter\u00adna\u00adtionalen Z\u00fcchtern. Wir leg\u00aden den Schw\u00ader\u00adpunkt auf wei\u00dfe Hua\u00adcayas mit beson\u00adders gerin\u00adgen Micron\u00adwerten und m\u00f6cht\u00aden&nbsp;ein\u2026<\/p>\n","protected":false},"author":2,"featured_media":0,"parent":0,"menu_order":0,"comment_status":"closed","ping_status":"closed","template":"","meta":{"wp_typography_post_enhancements_disabled":false,"footnotes":""},"yoast_head":"<!-- This site is optimized with the Yoast SEO plugin v22.4 - https:\/\/yoast.com\/wordpress\/plugins\/seo\/ -->\n<title>Stellenangebot Tierpfleger - Alpasuri | Alpakazucht, Huacayas, Suris<\/title>\n<meta name=\"robots\" content=\"index, follow, max-snippet:-1, max-image-preview:large, max-video-preview:-1\" \/>\n<link rel=\"canonical\" href=\"https:\/\/www.alpasuri.com\/en\/stellenangebot-tierpfleger\/\" \/>\n<meta property=\"og:locale\" content=\"en_US\" \/>\n<meta property=\"og:type\" content=\"article\" \/>\n<meta property=\"og:title\" content=\"Stellenangebot Tierpfleger - Alpasuri | Alpakazucht, Huacayas, Suris\" \/>\n<meta property=\"og:description\" content=\"[vc_row full_width=\u201cstretch_row\u201d css=\u201d.vc_custom_1498202825618{padding-top: 80px !important;padding-bottom: 20px !important;background-color: #ffffff !important;}\u201d][vc_column width=\u201c1\/3\u201d css=\u201d.vc_custom_1498649954314{padding-right: 25px !important;}\u201d][vc_single_image image=\u201c2117\u201d img_size=\u201c370x559\u201d][\/vc_column][vc_column width=\u201c2\/3\u201d][vc_column_text] INTERNATIONAL ORIENTIERTE ALPAKAZUCHT [\/vc_column_text][vc_column_text] Als junges Unternehmen haben wir 2015 nach sorgf\u00e4ltiger Pla\u00adnung und Vor\u00adbere\u00aditung unsere Alpakazucht ges\u00adtartet. Unsere Tiere kom\u00admen von f\u00fchren\u00adden inter\u00adna\u00adtionalen Z\u00fcchtern. Wir leg\u00aden den Schw\u00ader\u00adpunkt auf wei\u00dfe Hua\u00adcayas mit beson\u00adders gerin\u00adgen Micron\u00adwerten und m\u00f6cht\u00aden ein&hellip;\" \/>\n<meta property=\"og:url\" content=\"https:\/\/www.alpasuri.com\/en\/stellenangebot-tierpfleger\/\" \/>\n<meta property=\"og:site_name\" content=\"Alpasuri | Alpakazucht, Huacayas, Suris\" \/>\n<meta property=\"article:modified_time\" content=\"2020-11-26T07:49:07+00:00\" \/>\n<meta name=\"twitter:card\" content=\"summary_large_image\" \/>\n<meta name=\"twitter:label1\" content=\"Est. reading time\" \/>\n\t<meta name=\"twitter:data1\" content=\"2 minutes\" \/>\n<script type=\"application\/ld+json\" class=\"yoast-schema-graph\">{\"@context\":\"https:\/\/schema.org\",\"@graph\":[{\"@type\":\"WebPage\",\"@id\":\"https:\/\/www.alpasuri.com\/en\/stellenangebot-tierpfleger\/\",\"url\":\"https:\/\/www.alpasuri.com\/en\/stellenangebot-tierpfleger\/\",\"name\":\"Stellenangebot Tierpfleger - Alpasuri | Alpakazucht, Huacayas, Suris\",\"isPartOf\":{\"@id\":\"https:\/\/www.alpasuri.com\/#website\"},\"datePublished\":\"2020-11-26T07:47:50+00:00\",\"dateModified\":\"2020-11-26T07:49:07+00:00\",\"breadcrumb\":{\"@id\":\"https:\/\/www.alpasuri.com\/en\/stellenangebot-tierpfleger\/#breadcrumb\"},\"inLanguage\":\"en-US\",\"potentialAction\":[{\"@type\":\"ReadAction\",\"target\":[\"https:\/\/www.alpasuri.com\/en\/stellenangebot-tierpfleger\/\"]}]},{\"@type\":\"BreadcrumbList\",\"@id\":\"https:\/\/www.alpasuri.com\/en\/stellenangebot-tierpfleger\/#breadcrumb\",\"itemListElement\":[{\"@type\":\"ListItem\",\"position\":1,\"name\":\"Startseite\",\"item\":\"https:\/\/www.alpasuri.com\/en\/\"},{\"@type\":\"ListItem\",\"position\":2,\"name\":\"Stellenangebot Tierpfleger\"}]},{\"@type\":\"WebSite\",\"@id\":\"https:\/\/www.alpasuri.com\/#website\",\"url\":\"https:\/\/www.alpasuri.com\/\",\"name\":\"Alpasuri | Alpakazucht, Huacayas, Suris\",\"description\":\"\",\"publisher\":{\"@id\":\"https:\/\/www.alpasuri.com\/#organization\"},\"potentialAction\":[{\"@type\":\"SearchAction\",\"target\":{\"@type\":\"EntryPoint\",\"urlTemplate\":\"https:\/\/www.alpasuri.com\/?s={search_term_string}\"},\"query-input\":\"required name=search_term_string\"}],\"inLanguage\":\"en-US\"},{\"@type\":\"Organization\",\"@id\":\"https:\/\/www.alpasuri.com\/#organization\",\"name\":\"Alpasuri | Alpakazucht, Huacayas, Suris\",\"url\":\"https:\/\/www.alpasuri.com\/\",\"logo\":{\"@type\":\"ImageObject\",\"inLanguage\":\"en-US\",\"@id\":\"https:\/\/www.alpasuri.com\/#\/schema\/logo\/image\/\",\"url\":\"https:\/\/www.alpasuri.com\/wp-content\/uploads\/2017\/07\/alpasuri_logo_neu.png\",\"contentUrl\":\"https:\/\/www.alpasuri.com\/wp-content\/uploads\/2017\/07\/alpasuri_logo_neu.png\",\"width\":345,\"height\":91,\"caption\":\"Alpasuri | Alpakazucht, Huacayas, Suris\"},\"image\":{\"@id\":\"https:\/\/www.alpasuri.com\/#\/schema\/logo\/image\/\"}}]}<\/script>\n<!-- \/ Yoast SEO plugin. -->","yoast_head_json":{"title":"Stellenangebot Tierpfleger - Alpasuri | Alpakazucht, Huacayas, Suris","robots":{"index":"index","follow":"follow","max-snippet":"max-snippet:-1","max-image-preview":"max-image-preview:large","max-video-preview":"max-video-preview:-1"},"canonical":"https:\/\/www.alpasuri.com\/en\/stellenangebot-tierpfleger\/","og_locale":"en_US","og_type":"article","og_title":"Stellenangebot Tierpfleger - Alpasuri | Alpakazucht, Huacayas, Suris","og_description":"[vc_row full_width=\u201cstretch_row\u201d css=\u201d.vc_custom_1498202825618{padding-top: 80px !important;padding-bottom: 20px !important;background-color: #ffffff !important;}\u201d][vc_column width=\u201c1\/3\u201d css=\u201d.vc_custom_1498649954314{padding-right: 25px !important;}\u201d][vc_single_image image=\u201c2117\u201d img_size=\u201c370x559\u201d][\/vc_column][vc_column width=\u201c2\/3\u201d][vc_column_text] INTERNATIONAL ORIENTIERTE ALPAKAZUCHT [\/vc_column_text][vc_column_text] Als junges Unternehmen haben wir 2015 nach sorgf\u00e4ltiger Pla\u00adnung und Vor\u00adbere\u00aditung unsere Alpakazucht ges\u00adtartet. Unsere Tiere kom\u00admen von f\u00fchren\u00adden inter\u00adna\u00adtionalen Z\u00fcchtern. Wir leg\u00aden den Schw\u00ader\u00adpunkt auf wei\u00dfe Hua\u00adcayas mit beson\u00adders gerin\u00adgen Micron\u00adwerten und m\u00f6cht\u00aden ein&hellip;","og_url":"https:\/\/www.alpasuri.com\/en\/stellenangebot-tierpfleger\/","og_site_name":"Alpasuri | Alpakazucht, Huacayas, Suris","article_modified_time":"2020-11-26T07:49:07+00:00","twitter_card":"summary_large_image","twitter_misc":{"Est. reading time":"2 minutes"},"schema":{"@context":"https:\/\/schema.org","@graph":[{"@type":"WebPage","@id":"https:\/\/www.alpasuri.com\/en\/stellenangebot-tierpfleger\/","url":"https:\/\/www.alpasuri.com\/en\/stellenangebot-tierpfleger\/","name":"Stellenangebot Tierpfleger - Alpasuri | Alpakazucht, Huacayas, Suris","isPartOf":{"@id":"https:\/\/www.alpasuri.com\/#website"},"datePublished":"2020-11-26T07:47:50+00:00","dateModified":"2020-11-26T07:49:07+00:00","breadcrumb":{"@id":"https:\/\/www.alpasuri.com\/en\/stellenangebot-tierpfleger\/#breadcrumb"},"inLanguage":"en-US","potentialAction":[{"@type":"ReadAction","target":["https:\/\/www.alpasuri.com\/en\/stellenangebot-tierpfleger\/"]}]},{"@type":"BreadcrumbList","@id":"https:\/\/www.alpasuri.com\/en\/stellenangebot-tierpfleger\/#breadcrumb","itemListElement":[{"@type":"ListItem","position":1,"name":"Startseite","item":"https:\/\/www.alpasuri.com\/en\/"},{"@type":"ListItem","position":2,"name":"Stellenangebot Tierpfleger"}]},{"@type":"WebSite","@id":"https:\/\/www.alpasuri.com\/#website","url":"https:\/\/www.alpasuri.com\/","name":"Alpasuri | Alpakazucht, Huacayas, Suris","description":"","publisher":{"@id":"https:\/\/www.alpasuri.com\/#organization"},"potentialAction":[{"@type":"SearchAction","target":{"@type":"EntryPoint","urlTemplate":"https:\/\/www.alpasuri.com\/?s={search_term_string}"},"query-input":"required name=search_term_string"}],"inLanguage":"en-US"},{"@type":"Organization","@id":"https:\/\/www.alpasuri.com\/#organization","name":"Alpasuri | Alpakazucht, Huacayas, Suris","url":"https:\/\/www.alpasuri.com\/","logo":{"@type":"ImageObject","inLanguage":"en-US","@id":"https:\/\/www.alpasuri.com\/#\/schema\/logo\/image\/","url":"https:\/\/www.alpasuri.com\/wp-content\/uploads\/2017\/07\/alpasuri_logo_neu.png","contentUrl":"https:\/\/www.alpasuri.com\/wp-content\/uploads\/2017\/07\/alpasuri_logo_neu.png","width":345,"height":91,"caption":"Alpasuri | Alpakazucht, Huacayas, Suris"},"image":{"@id":"https:\/\/www.alpasuri.com\/#\/schema\/logo\/image\/"}}]}},"_links":{"self":[{"href":"https:\/\/www.alpasuri.com\/en\/wp-json\/wp\/v2\/pages\/4971"}],"collection":[{"href":"https:\/\/www.alpasuri.com\/en\/wp-json\/wp\/v2\/pages"}],"about":[{"href":"https:\/\/www.alpasuri.com\/en\/wp-json\/wp\/v2\/types\/page"}],"author":[{"embeddable":true,"href":"https:\/\/www.alpasuri.com\/en\/wp-json\/wp\/v2\/users\/2"}],"replies":[{"embeddable":true,"href":"https:\/\/www.alpasuri.com\/en\/wp-json\/wp\/v2\/comments?post=4971"}],"version-history":[{"count":1,"href":"https:\/\/www.alpasuri.com\/en\/wp-json\/wp\/v2\/pages\/4971\/revisions"}],"predecessor-version":[{"id":4972,"href":"https:\/\/www.alpasuri.com\/en\/wp-json\/wp\/v2\/pages\/4971\/revisions\/4972"}],"wp:attachment":[{"href":"https:\/\/www.alpasuri.com\/en\/wp-json\/wp\/v2\/media?parent=4971"}],"curies":[{"name":"wp","href":"https:\/\/api.w.org\/{rel}","templated":true}]}}